{"id":18,"date":"2025-07-08T16:42:44","date_gmt":"2025-07-08T14:42:44","guid":{"rendered":"https:\/\/feijoastudio.fr\/?page_id=18"},"modified":"2025-11-13T16:32:08","modified_gmt":"2025-11-13T15:32:08","slug":"contactez-nous","status":"publish","type":"page","link":"https:\/\/feijoastudio.fr\/index.php\/contactez-nous\/","title":{"rendered":"Contact"},"content":{"rendered":"<div class=\"forminator-ui forminator-custom-form forminator-custom-form-17 forminator-design--material  forminator_ajax\" data-forminator-render=\"0\" data-form=\"forminator-module-17\" data-uid=\"69d535f67fd2f\"><br\/><\/div><form\n\t\t\t\tid=\"forminator-module-17\"\n\t\t\t\tclass=\"forminator-ui forminator-custom-form forminator-custom-form-17 forminator-design--material  forminator_ajax\"\n\t\t\t\tmethod=\"post\"\n\t\t\t\tdata-forminator-render=\"0\"\n\t\t\t\tdata-form-id=\"17\"\n\t\t\t\t data-color-option=\"theme\" data-design=\"material\" data-grid=\"open\" style=\"display: none;\"\n\t\t\t\tdata-uid=\"69d535f67fd2f\"\n\t\t\t><div role=\"alert\" aria-live=\"polite\" class=\"forminator-response-message forminator-error\" aria-hidden=\"true\"><\/div><div class=\"forminator-row\"><div id=\"checkbox-1\" class=\"forminator-field-checkbox forminator-col forminator-col-6 \"><div role=\"group\" class=\"forminator-field\" aria-labelledby=\"forminator-checkbox-group-forminator-field-checkbox-1-69d535f67fd2f-label\"><span id=\"forminator-checkbox-group-forminator-field-checkbox-1-69d535f67fd2f-label\" class=\"forminator-label\">Type :<\/span><label id=\"forminator-field-checkbox-1-1-69d535f67fd2f-label\" for=\"forminator-field-checkbox-1-1-69d535f67fd2f\" class=\"forminator-checkbox\" title=\"JARDIN\"><input type=\"checkbox\" name=\"checkbox-1[]\" value=\"service-1\" id=\"forminator-field-checkbox-1-1-69d535f67fd2f\" aria-labelledby=\"forminator-field-checkbox-1-1-69d535f67fd2f-label\" data-calculation=\"0\"  \/><span class=\"forminator-checkbox-box\" aria-hidden=\"true\"><\/span><span class=\"forminator-checkbox-label\">JARDIN<\/span><\/label><label id=\"forminator-field-checkbox-1-2-69d535f67fd2f-label\" for=\"forminator-field-checkbox-1-2-69d535f67fd2f\" class=\"forminator-checkbox\" title=\"TERRASSE\"><input type=\"checkbox\" name=\"checkbox-1[]\" value=\"service-2\" id=\"forminator-field-checkbox-1-2-69d535f67fd2f\" aria-labelledby=\"forminator-field-checkbox-1-2-69d535f67fd2f-label\" data-calculation=\"0\"  \/><span class=\"forminator-checkbox-box\" aria-hidden=\"true\"><\/span><span class=\"forminator-checkbox-label\">TERRASSE<\/span><\/label><label id=\"forminator-field-checkbox-1-3-69d535f67fd2f-label\" for=\"forminator-field-checkbox-1-3-69d535f67fd2f\" class=\"forminator-checkbox\" title=\"Cl\u00f4tures &amp; portails\"><input type=\"checkbox\" name=\"checkbox-1[]\" value=\"Cl\u00f4tures-&amp;-portails\" id=\"forminator-field-checkbox-1-3-69d535f67fd2f\" aria-labelledby=\"forminator-field-checkbox-1-3-69d535f67fd2f-label\" data-calculation=\"0\"  \/><span class=\"forminator-checkbox-box\" aria-hidden=\"true\"><\/span><span class=\"forminator-checkbox-label\">Cl\u00f4tures &amp; portails<\/span><\/label><label id=\"forminator-field-checkbox-1-4-69d535f67fd2f-label\" for=\"forminator-field-checkbox-1-4-69d535f67fd2f\" class=\"forminator-checkbox\" title=\"All\u00e9es &amp; acc\u00e8s\"><input type=\"checkbox\" name=\"checkbox-1[]\" value=\"All\u00e9es-&amp;-acc\u00e8s\" id=\"forminator-field-checkbox-1-4-69d535f67fd2f\" aria-labelledby=\"forminator-field-checkbox-1-4-69d535f67fd2f-label\" data-calculation=\"0\"  \/><span class=\"forminator-checkbox-box\" aria-hidden=\"true\"><\/span><span class=\"forminator-checkbox-label\">All\u00e9es &amp; acc\u00e8s<\/span><\/label><label id=\"forminator-field-checkbox-1-5-69d535f67fd2f-label\" for=\"forminator-field-checkbox-1-5-69d535f67fd2f\" class=\"forminator-checkbox\" title=\"Abris &amp; pergolas\"><input type=\"checkbox\" name=\"checkbox-1[]\" value=\"Abris-&amp;-pergolas\" id=\"forminator-field-checkbox-1-5-69d535f67fd2f\" aria-labelledby=\"forminator-field-checkbox-1-5-69d535f67fd2f-label\" data-calculation=\"0\"  \/><span class=\"forminator-checkbox-box\" aria-hidden=\"true\"><\/span><span class=\"forminator-checkbox-label\">Abris &amp; pergolas<\/span><\/label><label id=\"forminator-field-checkbox-1-6-69d535f67fd2f-label\" for=\"forminator-field-checkbox-1-6-69d535f67fd2f\" class=\"forminator-checkbox\" title=\"Piscines &amp; spas\"><input type=\"checkbox\" name=\"checkbox-1[]\" value=\"Piscines-&amp;-spas\" id=\"forminator-field-checkbox-1-6-69d535f67fd2f\" aria-labelledby=\"forminator-field-checkbox-1-6-69d535f67fd2f-label\" data-calculation=\"0\"  \/><span class=\"forminator-checkbox-box\" aria-hidden=\"true\"><\/span><span class=\"forminator-checkbox-label\">Piscines &amp; spas<\/span><\/label><\/div><\/div><div id=\"number-1\" class=\"forminator-field-number forminator-col forminator-col-6 \"><div class=\"forminator-field\"><label for=\"forminator-field-number-1_69d535f67fd2f\" id=\"forminator-field-number-1_69d535f67fd2f-label\" class=\"forminator-label\">Surface :<\/label><input name=\"number-1\" value=\"\" placeholder=\"m\u00b2\" id=\"forminator-field-number-1_69d535f67fd2f\" class=\"forminator-input forminator-number--field\" inputmode=\"decimal\" data-required=\"\" data-decimals=\"0\" aria-required=\"false\" data-inputmask=\"&#039;groupSeparator&#039;: &#039;&#039;, &#039;radixPoint&#039;: &#039;&#039;, &#039;digits&#039;: &#039;0&#039;\" data-hidden-behavior=\"zero\" type=\"number\" step=\"any\" min=\"1\" max=\"150\" \/><\/div><\/div><\/div><div class=\"forminator-row\"><div id=\"textarea-1\" class=\"forminator-field-textarea forminator-col forminator-col-12 \"><div class=\"forminator-field\"><label for=\"forminator-field-textarea-1_69d535f67fd2f\" id=\"forminator-field-textarea-1_69d535f67fd2f-label\" class=\"forminator-label\">D\u00e9crivez votre projet :<\/label><span id=\"forminator-field-textarea-1_69d535f67fd2f-description\" class=\"forminator-description\"><span data-limit=\"180\" data-type=\"characters\" data-editor=\"\">0 \/ 180<\/span><\/span><textarea name=\"textarea-1\" placeholder=\"\" id=\"forminator-field-textarea-1_69d535f67fd2f\" class=\"forminator-textarea\" rows=\"6\" style=\"min-height:140px;\" maxlength=\"180\" ><\/textarea><\/div><\/div><\/div><div class=\"forminator-row\"><div id=\"name-1\" class=\"forminator-field-name forminator-col forminator-col-12 \"><div class=\"forminator-row forminator-no-margin\" data-multiple=\"true\"><div class=\"forminator-col forminator-col-md-6\"><div class=\"forminator-field\"><label for=\"forminator-field-17__field--name-1_69d535f67fd2f\" id=\"forminator-field-17__field--name-1_69d535f67fd2f-label\" class=\"forminator-label\">Pr\u00e9fixe<\/label><select name=\"name-1-prefix\" id=\"forminator-field-17__field--name-1_69d535f67fd2f\" class=\"forminator-select2\" data-multi=\"1\" autocomplete=\"honorific-prefix\" aria-labelledby=\"forminator-field-17__field--name-1_69d535f67fd2f-label\" data-default-value=\"\"><option value=\"Mr\" >M.<\/option><option value=\"Mrs\" >Mme<\/option><option value=\"Ms\" >Mme<\/option><option value=\"Mx\" >Mx<\/option><option value=\"Miss\" >Mlle<\/option><option value=\"Dr\" >Dr.<\/option><option value=\"Prof\" >Prof.<\/option><\/select><\/div><\/div><div class=\"forminator-col forminator-col-md-6\"><div class=\"forminator-field\"><label for=\"forminator-field-first-name-1_69d535f67fd2f\" id=\"forminator-field-first-name-1_69d535f67fd2f-label\" class=\"forminator-label\">Pr\u00e9nom <span class=\"forminator-required\">*<\/span><\/label><input type=\"text\" name=\"name-1-first-name\" placeholder=\"\" id=\"forminator-field-first-name-1_69d535f67fd2f\" class=\"forminator-input\" aria-required=\"true\" data-multi=\"1\" autocomplete=\"given-name\" value=\"\" \/><\/div><\/div><div class=\"forminator-col forminator-col-md-6\"><div class=\"forminator-field\"><label for=\"forminator-field-middle-name-1_69d535f67fd2f\" id=\"forminator-field-middle-name-1_69d535f67fd2f-label\" class=\"forminator-label\">Deuxi\u00e8me pr\u00e9nom<\/label><input type=\"text\" name=\"name-1-middle-name\" placeholder=\"\" id=\"forminator-field-middle-name-1_69d535f67fd2f\" class=\"forminator-input\" aria-required=\"false\" data-multi=\"1\" autocomplete=\"additional-name\" value=\"\" \/><\/div><\/div><div class=\"forminator-col forminator-col-md-6\"><div class=\"forminator-field\"><label for=\"forminator-field-last-name-1_69d535f67fd2f\" id=\"forminator-field-last-name-1_69d535f67fd2f-label\" class=\"forminator-label\">Nom de famille <span class=\"forminator-required\">*<\/span><\/label><input type=\"text\" name=\"name-1-last-name\" placeholder=\"\" id=\"forminator-field-last-name-1_69d535f67fd2f\" class=\"forminator-input\" aria-required=\"true\" data-multi=\"1\" autocomplete=\"family-name\" value=\"\" \/><\/div><\/div><\/div><\/div><\/div><div class=\"forminator-row\"><div id=\"phone-1\" class=\"forminator-field-phone forminator-col forminator-col-12 \"><div class=\"forminator-field\"><label for=\"forminator-field-phone-1_69d535f67fd2f\" id=\"forminator-field-phone-1_69d535f67fd2f-label\" class=\"forminator-label\">Num\u00e9ro de t\u00e9l\u00e9phone <span class=\"forminator-required\">*<\/span><\/label><input type=\"text\" name=\"phone-1\" value=\"\" placeholder=\"\" id=\"forminator-field-phone-1_69d535f67fd2f\" class=\"forminator-input forminator-field--phone\" data-required=\"1\" aria-required=\"true\" autocomplete=\"off\" data-validation=\"1\" \/><\/div><\/div><\/div><div class=\"forminator-row\"><div id=\"email-1\" class=\"forminator-field-email forminator-col forminator-col-12 \"><div class=\"forminator-field\"><label for=\"forminator-field-email-1_69d535f67fd2f\" id=\"forminator-field-email-1_69d535f67fd2f-label\" class=\"forminator-label\">Adresse de messagerie <span class=\"forminator-required\">*<\/span><\/label><input type=\"email\" name=\"email-1\" value=\"\" placeholder=\"\" id=\"forminator-field-email-1_69d535f67fd2f\" class=\"forminator-input forminator-email--field\" data-required=\"true\" aria-required=\"true\" autocomplete=\"email\" \/><\/div><\/div><\/div><div class=\"forminator-row\" style=\"margin: 0;\"><div id=\"captcha-1\" class=\"forminator-field-captcha  forminator-col-12 \"><div class=\"forminator-captcha-left forminator-g-recaptcha recaptcha-invisible\" data-theme=\"light\" data-badge=\"bottomright\" data-sitekey=\"6Lf_THwrAAAAAEhuyEjFNggPocBFxFvac8Dp8gwI\" data-size=\"invisible\"><\/div> <\/div><\/div><input type=\"hidden\" name=\"referer_url\" value=\"\" \/><div class=\"forminator-row forminator-row-last\"><div class=\"forminator-col\"><div class=\"forminator-field\"><button class=\"forminator-button forminator-button-submit\"><span>Envoyer \/ Demander un devis<\/span><span aria-hidden=\"true\"><\/span><\/button><\/div><\/div><\/div><input type=\"hidden\" id=\"forminator_nonce\" name=\"forminator_nonce\" value=\"a3d3468126\" \/><input type=\"hidden\" name=\"_wp_http_referer\" value=\"\/index.php\/wp-json\/wp\/v2\/pages\/18\" \/><input type=\"hidden\" name=\"form_id\" value=\"17\"><input type=\"hidden\" name=\"page_id\" value=\"18\"><input type=\"hidden\" name=\"form_type\" value=\"default\"><input type=\"hidden\" name=\"current_url\" value=\"https:\/\/feijoastudio.fr\/index.php\/contactez-nous\/\"><input type=\"hidden\" name=\"render_id\" value=\"0\"><input type=\"hidden\" name=\"action\" value=\"forminator_submit_form_custom-forms\"><\/form>\n","protected":false},"excerpt":{"rendered":"","protected":false},"author":1,"featured_media":0,"parent":0,"menu_order":0,"comment_status":"closed","ping_status":"closed","template":"","meta":{"saved_in_kubio":false,"footnotes":""},"class_list":["post-18","page","type-page","status-publish","hentry"],"kubio_ai_page_context":{"short_desc":"","purpose":"general"},"yoast_head":"<!-- This site is optimized with the Yoast SEO plugin v27.2 - https:\/\/yoast.com\/product\/yoast-seo-wordpress\/ -->\n<title>Contactez-nous<\/title>\n<meta name=\"description\" content=\"Contactez-nous pour : Cr\u00e9ation sur mesure, Am\u00e9nagement ext\u00e9rieur, Design, Conception, R\u00e9novation, Jardin et paysagisme, Projets cl\u00e9 en main\" \/>\n<meta name=\"robots\" content=\"index, follow, max-snippet:-1, max-image-preview:large, max-video-preview:-1\" \/>\n<link rel=\"canonical\" href=\"https:\/\/feijoastudio.fr\/index.php\/contactez-nous\/\" \/>\n<meta property=\"og:locale\" content=\"fr_FR\" \/>\n<meta property=\"og:type\" content=\"article\" \/>\n<meta property=\"og:title\" content=\"Contactez-nous\" \/>\n<meta property=\"og:description\" content=\"Contactez-nous pour : Cr\u00e9ation sur mesure, Am\u00e9nagement ext\u00e9rieur, Design, Conception, R\u00e9novation, Jardin et paysagisme, Projets cl\u00e9 en main\" \/>\n<meta property=\"og:url\" content=\"https:\/\/feijoastudio.fr\/index.php\/contactez-nous\/\" \/>\n<meta property=\"article:modified_time\" content=\"2025-11-13T15:32:08+00:00\" \/>\n<meta property=\"og:image\" content=\"https:\/\/feijoastudio.fr\/wp-content\/uploads\/2025\/07\/cropped-Fichier-6-1.png\" \/>\n\t<meta property=\"og:image:width\" content=\"512\" \/>\n\t<meta property=\"og:image:height\" content=\"512\" \/>\n\t<meta property=\"og:image:type\" content=\"image\/png\" \/>\n<meta name=\"twitter:card\" content=\"summary_large_image\" \/>\n<script type=\"application\/ld+json\" class=\"yoast-schema-graph\">{\"@context\":\"https:\/\/schema.org\",\"@graph\":[{\"@type\":\"WebPage\",\"@id\":\"https:\/\/feijoastudio.fr\/index.php\/contactez-nous\/\",\"url\":\"https:\/\/feijoastudio.fr\/index.php\/contactez-nous\/\",\"name\":\"Contactez-nous\",\"isPartOf\":{\"@id\":\"https:\/\/feijoastudio.fr\/#website\"},\"datePublished\":\"2025-07-08T14:42:44+00:00\",\"dateModified\":\"2025-11-13T15:32:08+00:00\",\"description\":\"Contactez-nous pour : Cr\u00e9ation sur mesure, Am\u00e9nagement ext\u00e9rieur, Design, Conception, R\u00e9novation, Jardin et paysagisme, Projets cl\u00e9 en main\",\"breadcrumb\":{\"@id\":\"https:\/\/feijoastudio.fr\/index.php\/contactez-nous\/#breadcrumb\"},\"inLanguage\":\"fr-FR\",\"potentialAction\":[{\"@type\":\"ReadAction\",\"target\":[\"https:\/\/feijoastudio.fr\/index.php\/contactez-nous\/\"]}]},{\"@type\":\"BreadcrumbList\",\"@id\":\"https:\/\/feijoastudio.fr\/index.php\/contactez-nous\/#breadcrumb\",\"itemListElement\":[{\"@type\":\"ListItem\",\"position\":1,\"name\":\"Accueil\",\"item\":\"https:\/\/feijoastudio.fr\/\"},{\"@type\":\"ListItem\",\"position\":2,\"name\":\"Contact\"}]},{\"@type\":\"WebSite\",\"@id\":\"https:\/\/feijoastudio.fr\/#website\",\"url\":\"https:\/\/feijoastudio.fr\/\",\"name\":\"FeijoaStudio\",\"description\":\"concepteur paysagiste\",\"publisher\":{\"@id\":\"https:\/\/feijoastudio.fr\/#organization\"},\"alternateName\":\"Concepteur paysagiste\",\"potentialAction\":[{\"@type\":\"SearchAction\",\"target\":{\"@type\":\"EntryPoint\",\"urlTemplate\":\"https:\/\/feijoastudio.fr\/?s={search_term_string}\"},\"query-input\":{\"@type\":\"PropertyValueSpecification\",\"valueRequired\":true,\"valueName\":\"search_term_string\"}}],\"inLanguage\":\"fr-FR\"},{\"@type\":\"Organization\",\"@id\":\"https:\/\/feijoastudio.fr\/#organization\",\"name\":\"Gauthier Feyte\",\"url\":\"https:\/\/feijoastudio.fr\/\",\"logo\":{\"@type\":\"ImageObject\",\"inLanguage\":\"fr-FR\",\"@id\":\"https:\/\/feijoastudio.fr\/#\/schema\/logo\/image\/\",\"url\":\"https:\/\/feijoastudio.fr\/wp-content\/uploads\/2025\/07\/cropped-Fichier-6.png\",\"contentUrl\":\"https:\/\/feijoastudio.fr\/wp-content\/uploads\/2025\/07\/cropped-Fichier-6.png\",\"width\":1655,\"height\":1291,\"caption\":\"Gauthier Feyte\"},\"image\":{\"@id\":\"https:\/\/feijoastudio.fr\/#\/schema\/logo\/image\/\"}}]}<\/script>\n<!-- \/ Yoast SEO plugin. -->","yoast_head_json":{"title":"Contactez-nous","description":"Contactez-nous pour : Cr\u00e9ation sur mesure, Am\u00e9nagement ext\u00e9rieur, Design, Conception, R\u00e9novation, Jardin et paysagisme, Projets cl\u00e9 en main","robots":{"index":"index","follow":"follow","max-snippet":"max-snippet:-1","max-image-preview":"max-image-preview:large","max-video-preview":"max-video-preview:-1"},"canonical":"https:\/\/feijoastudio.fr\/index.php\/contactez-nous\/","og_locale":"fr_FR","og_type":"article","og_title":"Contactez-nous","og_description":"Contactez-nous pour : Cr\u00e9ation sur mesure, Am\u00e9nagement ext\u00e9rieur, Design, Conception, R\u00e9novation, Jardin et paysagisme, Projets cl\u00e9 en main","og_url":"https:\/\/feijoastudio.fr\/index.php\/contactez-nous\/","article_modified_time":"2025-11-13T15:32:08+00:00","og_image":[{"width":512,"height":512,"url":"https:\/\/feijoastudio.fr\/wp-content\/uploads\/2025\/07\/cropped-Fichier-6-1.png","type":"image\/png"}],"twitter_card":"summary_large_image","schema":{"@context":"https:\/\/schema.org","@graph":[{"@type":"WebPage","@id":"https:\/\/feijoastudio.fr\/index.php\/contactez-nous\/","url":"https:\/\/feijoastudio.fr\/index.php\/contactez-nous\/","name":"Contactez-nous","isPartOf":{"@id":"https:\/\/feijoastudio.fr\/#website"},"datePublished":"2025-07-08T14:42:44+00:00","dateModified":"2025-11-13T15:32:08+00:00","description":"Contactez-nous pour : Cr\u00e9ation sur mesure, Am\u00e9nagement ext\u00e9rieur, Design, Conception, R\u00e9novation, Jardin et paysagisme, Projets cl\u00e9 en main","breadcrumb":{"@id":"https:\/\/feijoastudio.fr\/index.php\/contactez-nous\/#breadcrumb"},"inLanguage":"fr-FR","potentialAction":[{"@type":"ReadAction","target":["https:\/\/feijoastudio.fr\/index.php\/contactez-nous\/"]}]},{"@type":"BreadcrumbList","@id":"https:\/\/feijoastudio.fr\/index.php\/contactez-nous\/#breadcrumb","itemListElement":[{"@type":"ListItem","position":1,"name":"Accueil","item":"https:\/\/feijoastudio.fr\/"},{"@type":"ListItem","position":2,"name":"Contact"}]},{"@type":"WebSite","@id":"https:\/\/feijoastudio.fr\/#website","url":"https:\/\/feijoastudio.fr\/","name":"FeijoaStudio","description":"concepteur paysagiste","publisher":{"@id":"https:\/\/feijoastudio.fr\/#organization"},"alternateName":"Concepteur paysagiste","potentialAction":[{"@type":"SearchAction","target":{"@type":"EntryPoint","urlTemplate":"https:\/\/feijoastudio.fr\/?s={search_term_string}"},"query-input":{"@type":"PropertyValueSpecification","valueRequired":true,"valueName":"search_term_string"}}],"inLanguage":"fr-FR"},{"@type":"Organization","@id":"https:\/\/feijoastudio.fr\/#organization","name":"Gauthier Feyte","url":"https:\/\/feijoastudio.fr\/","logo":{"@type":"ImageObject","inLanguage":"fr-FR","@id":"https:\/\/feijoastudio.fr\/#\/schema\/logo\/image\/","url":"https:\/\/feijoastudio.fr\/wp-content\/uploads\/2025\/07\/cropped-Fichier-6.png","contentUrl":"https:\/\/feijoastudio.fr\/wp-content\/uploads\/2025\/07\/cropped-Fichier-6.png","width":1655,"height":1291,"caption":"Gauthier Feyte"},"image":{"@id":"https:\/\/feijoastudio.fr\/#\/schema\/logo\/image\/"}}]}},"_links":{"self":[{"href":"https:\/\/feijoastudio.fr\/index.php\/wp-json\/wp\/v2\/pages\/18","targetHints":{"allow":["GET"]}}],"collection":[{"href":"https:\/\/feijoastudio.fr\/index.php\/wp-json\/wp\/v2\/pages"}],"about":[{"href":"https:\/\/feijoastudio.fr\/index.php\/wp-json\/wp\/v2\/types\/page"}],"author":[{"embeddable":true,"href":"https:\/\/feijoastudio.fr\/index.php\/wp-json\/wp\/v2\/users\/1"}],"replies":[{"embeddable":true,"href":"https:\/\/feijoastudio.fr\/index.php\/wp-json\/wp\/v2\/comments?post=18"}],"version-history":[{"count":1,"href":"https:\/\/feijoastudio.fr\/index.php\/wp-json\/wp\/v2\/pages\/18\/revisions"}],"predecessor-version":[{"id":19,"href":"https:\/\/feijoastudio.fr\/index.php\/wp-json\/wp\/v2\/pages\/18\/revisions\/19"}],"wp:attachment":[{"href":"https:\/\/feijoastudio.fr\/index.php\/wp-json\/wp\/v2\/media?parent=18"}],"curies":[{"name":"wp","href":"https:\/\/api.w.org\/{rel}","templated":true}]}}