{"id":6,"date":"2025-07-07T09:17:02","date_gmt":"2025-07-07T09:17:02","guid":{"rendered":"http:\/\/feijoad.cluster100.hosting.ovh.net\/?page_id=6"},"modified":"2025-11-13T16:53:04","modified_gmt":"2025-11-13T15:53:04","slug":"votre-jardin-de-la-3d-a-la-realite","status":"publish","type":"page","link":"https:\/\/feijoastudio.fr\/","title":{"rendered":"Accueil &#8211; Feijoa Studio"},"content":{"rendered":"\n\n\n\n\n\n\n\n\n\n\n\n","protected":false},"excerpt":{"rendered":"","protected":false},"author":1,"featured_media":0,"parent":0,"menu_order":0,"comment_status":"closed","ping_status":"closed","template":"","meta":{"saved_in_kubio":true,"footnotes":""},"class_list":["post-6","page","type-page","status-publish","hentry"],"kubio_ai_page_context":{"short_desc":"","purpose":"general"},"yoast_head":"<!-- This site is optimized with the Yoast SEO plugin v27.2 - https:\/\/yoast.com\/product\/yoast-seo-wordpress\/ -->\n<title>Votre jardin : de la 3D \u00e0 la r\u00e9alit\u00e9.<\/title>\n<meta name=\"description\" content=\"Votre jardin : de la 3D \u00e0 la r\u00e9alit\u00e9 pour vos ext\u00e9rieurs dans les Landes, 40700 Monget, Hagetmau, Saint-Sever, Mont-de-Marsan, Dax, Pau\" \/>\n<meta name=\"robots\" content=\"index, follow, max-snippet:-1, max-image-preview:large, max-video-preview:-1\" \/>\n<link rel=\"canonical\" href=\"https:\/\/feijoastudio.fr\/\" \/>\n<meta property=\"og:locale\" content=\"fr_FR\" \/>\n<meta property=\"og:type\" content=\"article\" \/>\n<meta property=\"og:title\" content=\"Votre jardin : de la 3D \u00e0 la r\u00e9alit\u00e9.\" \/>\n<meta property=\"og:description\" content=\"Votre jardin : de la 3D \u00e0 la r\u00e9alit\u00e9 pour vos ext\u00e9rieurs dans les Landes, 40700 Monget, Hagetmau, Saint-Sever, Mont-de-Marsan, Dax, Pau\" \/>\n<meta property=\"og:url\" content=\"https:\/\/feijoastudio.fr\/\" \/>\n<meta property=\"article:modified_time\" content=\"2025-11-13T15:53:04+00:00\" \/>\n<meta property=\"og:image\" content=\"https:\/\/feijoastudio.fr\/wp-content\/uploads\/2025\/07\/cropped-Fichier-6-1.png\" \/>\n\t<meta property=\"og:image:width\" content=\"512\" \/>\n\t<meta property=\"og:image:height\" content=\"512\" \/>\n\t<meta property=\"og:image:type\" content=\"image\/png\" \/>\n<meta name=\"twitter:card\" content=\"summary_large_image\" \/>\n<script type=\"application\/ld+json\" class=\"yoast-schema-graph\">{\"@context\":\"https:\/\/schema.org\",\"@graph\":[{\"@type\":\"WebPage\",\"@id\":\"https:\/\/feijoastudio.fr\/\",\"url\":\"https:\/\/feijoastudio.fr\/\",\"name\":\"Votre jardin : de la 3D \u00e0 la r\u00e9alit\u00e9.\",\"isPartOf\":{\"@id\":\"https:\/\/feijoastudio.fr\/#website\"},\"datePublished\":\"2025-07-07T09:17:02+00:00\",\"dateModified\":\"2025-11-13T15:53:04+00:00\",\"description\":\"Votre jardin : de la 3D \u00e0 la r\u00e9alit\u00e9 pour vos ext\u00e9rieurs dans les Landes, 40700 Monget, Hagetmau, Saint-Sever, Mont-de-Marsan, Dax, Pau\",\"breadcrumb\":{\"@id\":\"https:\/\/feijoastudio.fr\/#breadcrumb\"},\"inLanguage\":\"fr-FR\",\"potentialAction\":[{\"@type\":\"ReadAction\",\"target\":[\"https:\/\/feijoastudio.fr\/\"]}]},{\"@type\":\"BreadcrumbList\",\"@id\":\"https:\/\/feijoastudio.fr\/#breadcrumb\",\"itemListElement\":[{\"@type\":\"ListItem\",\"position\":1,\"name\":\"Accueil\",\"item\":\"https:\/\/feijoastudio.fr\/\"},{\"@type\":\"ListItem\",\"position\":2,\"name\":\"Accueil &#8211; Feijoa Studio\"}]},{\"@type\":\"WebSite\",\"@id\":\"https:\/\/feijoastudio.fr\/#website\",\"url\":\"https:\/\/feijoastudio.fr\/\",\"name\":\"FeijoaStudio\",\"description\":\"concepteur paysagiste\",\"publisher\":{\"@id\":\"https:\/\/feijoastudio.fr\/#organization\"},\"alternateName\":\"Concepteur paysagiste\",\"potentialAction\":[{\"@type\":\"SearchAction\",\"target\":{\"@type\":\"EntryPoint\",\"urlTemplate\":\"https:\/\/feijoastudio.fr\/?s={search_term_string}\"},\"query-input\":{\"@type\":\"PropertyValueSpecification\",\"valueRequired\":true,\"valueName\":\"search_term_string\"}}],\"inLanguage\":\"fr-FR\"},{\"@type\":\"Organization\",\"@id\":\"https:\/\/feijoastudio.fr\/#organization\",\"name\":\"Gauthier Feyte\",\"url\":\"https:\/\/feijoastudio.fr\/\",\"logo\":{\"@type\":\"ImageObject\",\"inLanguage\":\"fr-FR\",\"@id\":\"https:\/\/feijoastudio.fr\/#\/schema\/logo\/image\/\",\"url\":\"https:\/\/feijoastudio.fr\/wp-content\/uploads\/2025\/07\/cropped-Fichier-6.png\",\"contentUrl\":\"https:\/\/feijoastudio.fr\/wp-content\/uploads\/2025\/07\/cropped-Fichier-6.png\",\"width\":1655,\"height\":1291,\"caption\":\"Gauthier Feyte\"},\"image\":{\"@id\":\"https:\/\/feijoastudio.fr\/#\/schema\/logo\/image\/\"}}]}<\/script>\n<!-- \/ Yoast SEO plugin. -->","yoast_head_json":{"title":"Votre jardin : de la 3D \u00e0 la r\u00e9alit\u00e9.","description":"Votre jardin : de la 3D \u00e0 la r\u00e9alit\u00e9 pour vos ext\u00e9rieurs dans les Landes, 40700 Monget, Hagetmau, Saint-Sever, Mont-de-Marsan, Dax, Pau","robots":{"index":"index","follow":"follow","max-snippet":"max-snippet:-1","max-image-preview":"max-image-preview:large","max-video-preview":"max-video-preview:-1"},"canonical":"https:\/\/feijoastudio.fr\/","og_locale":"fr_FR","og_type":"article","og_title":"Votre jardin : de la 3D \u00e0 la r\u00e9alit\u00e9.","og_description":"Votre jardin : de la 3D \u00e0 la r\u00e9alit\u00e9 pour vos ext\u00e9rieurs dans les Landes, 40700 Monget, Hagetmau, Saint-Sever, Mont-de-Marsan, Dax, Pau","og_url":"https:\/\/feijoastudio.fr\/","article_modified_time":"2025-11-13T15:53:04+00:00","og_image":[{"width":512,"height":512,"url":"https:\/\/feijoastudio.fr\/wp-content\/uploads\/2025\/07\/cropped-Fichier-6-1.png","type":"image\/png"}],"twitter_card":"summary_large_image","schema":{"@context":"https:\/\/schema.org","@graph":[{"@type":"WebPage","@id":"https:\/\/feijoastudio.fr\/","url":"https:\/\/feijoastudio.fr\/","name":"Votre jardin : de la 3D \u00e0 la r\u00e9alit\u00e9.","isPartOf":{"@id":"https:\/\/feijoastudio.fr\/#website"},"datePublished":"2025-07-07T09:17:02+00:00","dateModified":"2025-11-13T15:53:04+00:00","description":"Votre jardin : de la 3D \u00e0 la r\u00e9alit\u00e9 pour vos ext\u00e9rieurs dans les Landes, 40700 Monget, Hagetmau, Saint-Sever, Mont-de-Marsan, Dax, Pau","breadcrumb":{"@id":"https:\/\/feijoastudio.fr\/#breadcrumb"},"inLanguage":"fr-FR","potentialAction":[{"@type":"ReadAction","target":["https:\/\/feijoastudio.fr\/"]}]},{"@type":"BreadcrumbList","@id":"https:\/\/feijoastudio.fr\/#breadcrumb","itemListElement":[{"@type":"ListItem","position":1,"name":"Accueil","item":"https:\/\/feijoastudio.fr\/"},{"@type":"ListItem","position":2,"name":"Accueil &#8211; Feijoa Studio"}]},{"@type":"WebSite","@id":"https:\/\/feijoastudio.fr\/#website","url":"https:\/\/feijoastudio.fr\/","name":"FeijoaStudio","description":"concepteur paysagiste","publisher":{"@id":"https:\/\/feijoastudio.fr\/#organization"},"alternateName":"Concepteur paysagiste","potentialAction":[{"@type":"SearchAction","target":{"@type":"EntryPoint","urlTemplate":"https:\/\/feijoastudio.fr\/?s={search_term_string}"},"query-input":{"@type":"PropertyValueSpecification","valueRequired":true,"valueName":"search_term_string"}}],"inLanguage":"fr-FR"},{"@type":"Organization","@id":"https:\/\/feijoastudio.fr\/#organization","name":"Gauthier Feyte","url":"https:\/\/feijoastudio.fr\/","logo":{"@type":"ImageObject","inLanguage":"fr-FR","@id":"https:\/\/feijoastudio.fr\/#\/schema\/logo\/image\/","url":"https:\/\/feijoastudio.fr\/wp-content\/uploads\/2025\/07\/cropped-Fichier-6.png","contentUrl":"https:\/\/feijoastudio.fr\/wp-content\/uploads\/2025\/07\/cropped-Fichier-6.png","width":1655,"height":1291,"caption":"Gauthier Feyte"},"image":{"@id":"https:\/\/feijoastudio.fr\/#\/schema\/logo\/image\/"}}]}},"_links":{"self":[{"href":"https:\/\/feijoastudio.fr\/index.php\/wp-json\/wp\/v2\/pages\/6","targetHints":{"allow":["GET"]}}],"collection":[{"href":"https:\/\/feijoastudio.fr\/index.php\/wp-json\/wp\/v2\/pages"}],"about":[{"href":"https:\/\/feijoastudio.fr\/index.php\/wp-json\/wp\/v2\/types\/page"}],"author":[{"embeddable":true,"href":"https:\/\/feijoastudio.fr\/index.php\/wp-json\/wp\/v2\/users\/1"}],"replies":[{"embeddable":true,"href":"https:\/\/feijoastudio.fr\/index.php\/wp-json\/wp\/v2\/comments?post=6"}],"version-history":[{"count":45,"href":"https:\/\/feijoastudio.fr\/index.php\/wp-json\/wp\/v2\/pages\/6\/revisions"}],"predecessor-version":[{"id":306,"href":"https:\/\/feijoastudio.fr\/index.php\/wp-json\/wp\/v2\/pages\/6\/revisions\/306"}],"wp:attachment":[{"href":"https:\/\/feijoastudio.fr\/index.php\/wp-json\/wp\/v2\/media?parent=6"}],"curies":[{"name":"wp","href":"https:\/\/api.w.org\/{rel}","templated":true}]}}